{"id":3,"date":"2024-03-22T23:06:02","date_gmt":"2024-03-22T22:06:02","guid":{"rendered":"http:\/\/fourche-et-fourmi.fr\/?page_id=3"},"modified":"2024-04-27T15:15:07","modified_gmt":"2024-04-27T13:15:07","slug":"politique-de-confidentialite","status":"publish","type":"page","link":"https:\/\/fourche-et-fourmi.fr\/index.php\/politique-de-confidentialite\/","title":{"rendered":"Politique de confidentialit\u00e9"},"content":{"rendered":"\t\t<div data-elementor-type=\"wp-page\" data-elementor-id=\"3\" class=\"elementor elementor-3\">\n\t\t\t\t<div class=\"elementor-element elementor-element-2a131fe9 e-flex e-con-boxed e-con e-parent\" data-id=\"2a131fe9\" data-element_type=\"container\">\n\t\t\t\t\t<div class=\"e-con-inner\">\n\t\t\t\t<div class=\"elementor-element elementor-element-69e5a46f elementor-widget elementor-widget-text-editor\" data-id=\"69e5a46f\" data-element_type=\"widget\" data-widget_type=\"text-editor.default\">\n\t\t\t\t<div class=\"elementor-widget-container\">\n\t\t\t<style>\/*! elementor - v3.21.0 - 18-04-2024 *\/\n.elementor-widget-text-editor.elementor-drop-cap-view-stacked .elementor-drop-cap{background-color:#69727d;color:#fff}.elementor-widget-text-editor.elementor-drop-cap-view-framed .elementor-drop-cap{color:#69727d;border:3px solid;background-color:transparent}.elementor-widget-text-editor:not(.elementor-drop-cap-view-default) .elementor-drop-cap{margin-top:8px}.elementor-widget-text-editor:not(.elementor-drop-cap-view-default) .elementor-drop-cap-letter{width:1em;height:1em}.elementor-widget-text-editor .elementor-drop-cap{float:left;text-align:center;line-height:1;font-size:50px}.elementor-widget-text-editor .elementor-drop-cap-letter{display:inline-block}<\/style>\t\t\t\t<!-- wp:heading -->\n<h2>Qui sommes-nous\u00a0?<\/h2>\n<!-- \/wp:heading --><!-- wp:paragraph -->\n<p>L\u2019adresse de notre site est\u00a0: http:\/\/fourche-et-fourmi.fr.<\/p>\n<!-- \/wp:paragraph --><!-- wp:heading -->\n<h2>Commentaires<\/h2>\n<!-- \/wp:heading --><!-- wp:paragraph -->\n<p>Quand tu laisses un commentaire sur notre site, les donn\u00e9es inscrites dans le formulaire de commentaire, ainsi que votre adresse IP et l\u2019agent utilisateur de ton navigateur sont collect\u00e9s pour nous aider \u00e0 la d\u00e9tection des commentaires ind\u00e9sirables.<\/p>\n<!-- \/wp:paragraph --><!-- wp:paragraph -->\n<p>Une cha\u00eene anonymis\u00e9e cr\u00e9\u00e9e \u00e0 partir de votre adresse e-mail (\u00e9galement appel\u00e9e hash) peut \u00eatre envoy\u00e9e au service Gravatar pour v\u00e9rifier si tu utilises ce dernier. Les clauses de confidentialit\u00e9 du service Gravatar sont disponibles ici : https:\/\/automattic.com\/privacy\/. Apr\u00e8s validation de ton commentaire, ta photo de profil sera visible publiquement \u00e0 cot\u00e9 de ton commentaire.<\/p>\n<!-- \/wp:paragraph --><!-- wp:heading -->\n<h2>M\u00e9dias<\/h2>\n<!-- \/wp:heading --><!-- wp:paragraph -->\n<p>Si tu t\u00e9l\u00e9verses des images sur le site, nous te conseillons d\u2019\u00e9viter de t\u00e9l\u00e9verser des images contenant des donn\u00e9es EXIF de coordonn\u00e9es GPS. Les personnes visitant notre site peuvent t\u00e9l\u00e9charger et extraire des donn\u00e9es de localisation depuis ces images.<\/p>\n<!-- \/wp:paragraph --><!-- wp:heading -->\n<h2>Cookies<\/h2>\n<!-- \/wp:heading --><!-- wp:paragraph -->\n<p>Si tu d\u00e9poses un commentaire sur notre site, il te sera propos\u00e9 d\u2019enregistrer ton nom, adresse e-mail et site dans des cookies. C\u2019est uniquement pour notre confort afin de ne pas avoir \u00e0 saisir ces informations si tu d\u00e9poses un autre commentaire plus tard. Ces cookies expirent au bout d\u2019un an.<\/p>\n<!-- \/wp:paragraph --><!-- wp:paragraph -->\n<p>Si tu te rends sur la page de connexion, un cookie temporaire sera cr\u00e9\u00e9 afin de d\u00e9terminer si ton navigateur accepte les cookies. Il ne contient pas de donn\u00e9es personnelles et sera supprim\u00e9 automatiquement \u00e0 la fermeture de ton navigateur.<\/p>\n<!-- \/wp:paragraph --><!-- wp:paragraph -->\n<p>Lorsque tu te connecteras, nous mettrons en place un certain nombre de cookies pour enregistrer tes informations de connexion et tes pr\u00e9f\u00e9rences d\u2019\u00e9cran. La dur\u00e9e de vie d\u2019un cookie de connexion est de deux jours, celle d\u2019un cookie d\u2019option d\u2019\u00e9cran est d\u2019un an. Celle d&rsquo;un bon cookie normal aux p\u00e9pites de chocolat dans ma cuisine est de moins de 10 minutes. Si tu coches \u00ab Se souvenir de moi \u00bb, ton cookie de connexion sera conserv\u00e9 pendant deux semaines. Si tu te d\u00e9connectes de ton compte, le cookie de connexion sera effac\u00e9.<\/p>\n<!-- \/wp:paragraph --><!-- wp:paragraph -->\n<p>En modifiant ou en publiant une publication, un cookie suppl\u00e9mentaire sera enregistr\u00e9 dans ton navigateur. Ce cookie ne comprend aucune donn\u00e9e personnelle. Il indique simplement l\u2019ID de la publication que tu viens de modifier. Il expire au bout d\u2019un jour.<\/p>\n<p>D\u00e9ja, si tu as lu jusque la, bien jou\u00e9, tu es m\u00e9fiant, mais en m\u00eame temps tu as surement beaucoup mieux \u00e0 faire pour devenir la version increvable de toi-m\u00eame, comme faire des pompes par exemple.\u00a0<\/p>\n<!-- \/wp:paragraph --><!-- wp:heading -->\n<h2>Contenu embarqu\u00e9 depuis d\u2019autres sites<\/h2>\n<!-- \/wp:heading --><!-- wp:paragraph -->\n<p>Les articles de ce site peuvent inclure des contenus int\u00e9gr\u00e9s (par exemple des vid\u00e9os, images, articles\u2026). Le contenu int\u00e9gr\u00e9 depuis d\u2019autres sites se comporte de la m\u00eame mani\u00e8re que si le visiteur se rendait sur cet autre site.<\/p>\n<!-- \/wp:paragraph --><!-- wp:paragraph -->\n<p>Ces sites web pourraient collecter des donn\u00e9es sur toi, utiliser des cookies, embarquer des outils de suivis tiers, suivre tes interactions avec ces contenus embarqu\u00e9s si tu disposes d\u2019un compte connect\u00e9 sur leur site web.<\/p>\n<!-- \/wp:paragraph --><!-- wp:heading -->\n<h2>Utilisation et transmission de tes donn\u00e9es personnelles<\/h2>\n<!-- \/wp:heading --><!-- wp:paragraph -->\n<p>Si tu demandes une r\u00e9initialisation de ton mot de passe, ton adresse IP sera incluse dans l\u2019e-mail de r\u00e9initialisation.<\/p>\n<!-- \/wp:paragraph --><!-- wp:heading -->\n<h2>Dur\u00e9es de stockage de tes donn\u00e9es<\/h2>\n<!-- \/wp:heading --><!-- wp:paragraph -->\n<p>Si tu laisses un commentaire, le commentaire et ses m\u00e9tadonn\u00e9es sont conserv\u00e9s ind\u00e9finiment. Cela permet de reconna\u00eetre et approuver automatiquement les commentaires suivants au lieu de les laisser dans la file de mod\u00e9ration.<\/p>\n<!-- \/wp:paragraph --><!-- wp:paragraph -->\n<p>Pour les comptes qui s\u2019inscrivent sur notre site (le cas \u00e9ch\u00e9ant), nous stockons \u00e9galement les donn\u00e9es personnelles indiqu\u00e9es dans leur profil. Tous les comptes peuvent voir, modifier ou supprimer leurs informations personnelles \u00e0 tout moment (\u00e0 l\u2019exception de leur identifiant). Les gestionnaires du site peuvent aussi voir et modifier ces informations.<\/p>\n<!-- \/wp:paragraph --><!-- wp:heading -->\n<h2>Les droits que tu as sur tes donn\u00e9es<\/h2>\n<!-- \/wp:heading --><!-- wp:paragraph -->\n<p>Si tu as un compte ou si tu as laiss\u00e9 des commentaires sur le site, tu peux demander \u00e0 recevoir un fichier contenant toutes les donn\u00e9es personnelles que nous poss\u00e9dons \u00e0 ton sujet, incluant celles que tu nous as fournies. tu peux \u00e9galement demander la suppression des donn\u00e9es personnelles te concernant. Cela ne prend pas en compte les donn\u00e9es stock\u00e9es \u00e0 des fins administratives, l\u00e9gales ou pour des raisons de s\u00e9curit\u00e9.<\/p>\n<!-- \/wp:paragraph --><!-- wp:heading -->\n<h2>O\u00f9 tes donn\u00e9es sont envoy\u00e9es<\/h2>\n<!-- \/wp:heading --><!-- wp:paragraph -->\n<p>Les commentaires des visiteurs peuvent \u00eatre v\u00e9rifi\u00e9s \u00e0 l\u2019aide d\u2019un service automatis\u00e9 de d\u00e9tection des commentaires ind\u00e9sirables.<\/p>\n<!-- \/wp:paragraph -->\t\t\t\t\t\t<\/div>\n\t\t\t\t<\/div>\n\t\t<div class=\"elementor-element elementor-element-3247349 e-con-full e-flex e-con e-child\" data-id=\"3247349\" data-element_type=\"container\">\n\t\t\t\t<div class=\"elementor-element elementor-element-f9ad979 elementor-widget elementor-widget-image\" data-id=\"f9ad979\" data-element_type=\"widget\" data-widget_type=\"image.default\">\n\t\t\t\t<div class=\"elementor-widget-container\">\n\t\t\t<style>\/*! elementor - v3.21.0 - 18-04-2024 *\/\n.elementor-widget-image{text-align:center}.elementor-widget-image a{display:inline-block}.elementor-widget-image a img[src$=\".svg\"]{width:48px}.elementor-widget-image img{vertical-align:middle;display:inline-block}<\/style>\t\t\t\t\t\t\t\t\t\t<img fetchpriority=\"high\" decoding=\"async\" width=\"1024\" height=\"1024\" src=\"https:\/\/fourche-et-fourmi.fr\/wp-content\/uploads\/2024\/04\/22babee6-3c00-46ff-ab72-ec48c6df19a5.jpeg\" class=\"attachment-large size-large wp-image-253\" alt=\"\" srcset=\"https:\/\/fourche-et-fourmi.fr\/wp-content\/uploads\/2024\/04\/22babee6-3c00-46ff-ab72-ec48c6df19a5.jpeg 1024w, https:\/\/fourche-et-fourmi.fr\/wp-content\/uploads\/2024\/04\/22babee6-3c00-46ff-ab72-ec48c6df19a5-300x300.jpeg 300w, https:\/\/fourche-et-fourmi.fr\/wp-content\/uploads\/2024\/04\/22babee6-3c00-46ff-ab72-ec48c6df19a5-150x150.jpeg 150w, https:\/\/fourche-et-fourmi.fr\/wp-content\/uploads\/2024\/04\/22babee6-3c00-46ff-ab72-ec48c6df19a5-768x768.jpeg 768w, https:\/\/fourche-et-fourmi.fr\/wp-content\/uploads\/2024\/04\/22babee6-3c00-46ff-ab72-ec48c6df19a5-600x600.jpeg 600w\" sizes=\"(max-width: 1024px) 100vw, 1024px\" \/>\t\t\t\t\t\t\t\t\t\t\t\t\t<\/div>\n\t\t\t\t<\/div>\n\t\t\t\t<\/div>\n\t\t\t\t\t<\/div>\n\t\t\t\t<\/div>\n\t\t\t\t<\/div>\n\t\t","protected":false},"excerpt":{"rendered":"<p>Qui sommes-nous\u00a0? L\u2019adresse de notre site est\u00a0: http:\/\/fourche-et-fourmi.fr. Commentaires Quand tu laisses un commentaire sur notre site, les donn\u00e9es inscrites dans le formulaire de commentaire, ainsi que votre adresse IP et l\u2019agent utilisateur de ton navigateur sont collect\u00e9s pour nous aider \u00e0 la d\u00e9tection des commentaires ind\u00e9sirables. Une cha\u00eene anonymis\u00e9e cr\u00e9\u00e9e \u00e0 partir de votre [&hellip;]<\/p>\n","protected":false},"author":1,"featured_media":0,"parent":0,"menu_order":0,"comment_status":"closed","ping_status":"open","template":"","meta":{"om_disable_all_campaigns":false,"_monsterinsights_skip_tracking":false,"_monsterinsights_sitenote_active":false,"_monsterinsights_sitenote_note":"","_monsterinsights_sitenote_category":0,"footnotes":""},"aioseo_notices":[],"_links":{"self":[{"href":"https:\/\/fourche-et-fourmi.fr\/index.php\/wp-json\/wp\/v2\/pages\/3"}],"collection":[{"href":"https:\/\/fourche-et-fourmi.fr\/index.php\/wp-json\/wp\/v2\/pages"}],"about":[{"href":"https:\/\/fourche-et-fourmi.fr\/index.php\/wp-json\/wp\/v2\/types\/page"}],"author":[{"embeddable":true,"href":"https:\/\/fourche-et-fourmi.fr\/index.php\/wp-json\/wp\/v2\/users\/1"}],"replies":[{"embeddable":true,"href":"https:\/\/fourche-et-fourmi.fr\/index.php\/wp-json\/wp\/v2\/comments?post=3"}],"version-history":[{"count":10,"href":"https:\/\/fourche-et-fourmi.fr\/index.php\/wp-json\/wp\/v2\/pages\/3\/revisions"}],"predecessor-version":[{"id":256,"href":"https:\/\/fourche-et-fourmi.fr\/index.php\/wp-json\/wp\/v2\/pages\/3\/revisions\/256"}],"wp:attachment":[{"href":"https:\/\/fourche-et-fourmi.fr\/index.php\/wp-json\/wp\/v2\/media?parent=3"}],"curies":[{"name":"wp","href":"https:\/\/api.w.org\/{rel}","templated":true}]}}