{"id":21,"date":"2024-04-23T16:33:49","date_gmt":"2024-04-23T14:33:49","guid":{"rendered":"https:\/\/fourche-et-fourmi.fr\/?page_id=21"},"modified":"2024-04-27T14:55:33","modified_gmt":"2024-04-27T12:55:33","slug":"a-propos","status":"publish","type":"page","link":"https:\/\/fourche-et-fourmi.fr\/index.php\/a-propos\/","title":{"rendered":"A propos"},"content":{"rendered":"\t\t<div data-elementor-type=\"wp-page\" data-elementor-id=\"21\" class=\"elementor elementor-21\">\n\t\t\t\t<div class=\"elementor-element elementor-element-d975a8a e-flex e-con-boxed e-con e-parent\" data-id=\"d975a8a\" data-element_type=\"container\">\n\t\t\t\t\t<div class=\"e-con-inner\">\n\t\t\t\t<div class=\"elementor-element elementor-element-c112bb9 elementor-widget elementor-widget-heading\" data-id=\"c112bb9\" data-element_type=\"widget\" data-widget_type=\"heading.default\">\n\t\t\t\t<div class=\"elementor-widget-container\">\n\t\t\t<style>\/*! elementor - v3.21.0 - 18-04-2024 *\/\n.elementor-heading-title{padding:0;margin:0;line-height:1}.elementor-widget-heading .elementor-heading-title[class*=elementor-size-]>a{color:inherit;font-size:inherit;line-height:inherit}.elementor-widget-heading .elementor-heading-title.elementor-size-small{font-size:15px}.elementor-widget-heading .elementor-heading-title.elementor-size-medium{font-size:19px}.elementor-widget-heading .elementor-heading-title.elementor-size-large{font-size:29px}.elementor-widget-heading .elementor-heading-title.elementor-size-xl{font-size:39px}.elementor-widget-heading .elementor-heading-title.elementor-size-xxl{font-size:59px}<\/style><h2 class=\"elementor-heading-title elementor-size-default\">A propos de la fourmili\u00e8re ... <\/h2>\t\t<\/div>\n\t\t\t\t<\/div>\n\t\t\t\t\t<\/div>\n\t\t\t\t<\/div>\n\t\t<div class=\"elementor-element elementor-element-450ca75 e-flex e-con-boxed e-con e-parent\" data-id=\"450ca75\" data-element_type=\"container\">\n\t\t\t\t\t<div class=\"e-con-inner\">\n\t\t<div class=\"elementor-element elementor-element-6039477 e-con-full e-flex e-con e-child\" data-id=\"6039477\" data-element_type=\"container\">\n\t\t\t\t<div class=\"elementor-element elementor-element-0e4b912 elementor-widget elementor-widget-image\" data-id=\"0e4b912\" data-element_type=\"widget\" data-widget_type=\"image.default\">\n\t\t\t\t<div class=\"elementor-widget-container\">\n\t\t\t<style>\/*! elementor - v3.21.0 - 18-04-2024 *\/\n.elementor-widget-image{text-align:center}.elementor-widget-image a{display:inline-block}.elementor-widget-image a img[src$=\".svg\"]{width:48px}.elementor-widget-image img{vertical-align:middle;display:inline-block}<\/style>\t\t\t\t\t\t\t\t\t\t<img fetchpriority=\"high\" decoding=\"async\" width=\"1024\" height=\"1024\" src=\"https:\/\/fourche-et-fourmi.fr\/wp-content\/uploads\/2024\/04\/28943924-a19c-4614-936d-449a2ce90674.jpeg\" class=\"attachment-large size-large wp-image-226\" alt=\"\" srcset=\"https:\/\/fourche-et-fourmi.fr\/wp-content\/uploads\/2024\/04\/28943924-a19c-4614-936d-449a2ce90674.jpeg 1024w, https:\/\/fourche-et-fourmi.fr\/wp-content\/uploads\/2024\/04\/28943924-a19c-4614-936d-449a2ce90674-300x300.jpeg 300w, https:\/\/fourche-et-fourmi.fr\/wp-content\/uploads\/2024\/04\/28943924-a19c-4614-936d-449a2ce90674-150x150.jpeg 150w, https:\/\/fourche-et-fourmi.fr\/wp-content\/uploads\/2024\/04\/28943924-a19c-4614-936d-449a2ce90674-768x768.jpeg 768w, https:\/\/fourche-et-fourmi.fr\/wp-content\/uploads\/2024\/04\/28943924-a19c-4614-936d-449a2ce90674-600x600.jpeg 600w\" sizes=\"(max-width: 1024px) 100vw, 1024px\" \/>\t\t\t\t\t\t\t\t\t\t\t\t\t<\/div>\n\t\t\t\t<\/div>\n\t\t<div class=\"elementor-element elementor-element-e39056b e-con-full e-flex e-con e-child\" data-id=\"e39056b\" data-element_type=\"container\">\n\t\t\t\t<\/div>\n\t\t\t\t<\/div>\n\t\t<div class=\"elementor-element elementor-element-185fa47 e-con-full e-flex e-con e-child\" data-id=\"185fa47\" data-element_type=\"container\">\n\t\t\t\t<div class=\"elementor-element elementor-element-06fa95b elementor-widget elementor-widget-text-editor\" data-id=\"06fa95b\" data-element_type=\"widget\" data-widget_type=\"text-editor.default\">\n\t\t\t\t<div class=\"elementor-widget-container\">\n\t\t\t<style>\/*! elementor - v3.21.0 - 18-04-2024 *\/\n.elementor-widget-text-editor.elementor-drop-cap-view-stacked .elementor-drop-cap{background-color:#69727d;color:#fff}.elementor-widget-text-editor.elementor-drop-cap-view-framed .elementor-drop-cap{color:#69727d;border:3px solid;background-color:transparent}.elementor-widget-text-editor:not(.elementor-drop-cap-view-default) .elementor-drop-cap{margin-top:8px}.elementor-widget-text-editor:not(.elementor-drop-cap-view-default) .elementor-drop-cap-letter{width:1em;height:1em}.elementor-widget-text-editor .elementor-drop-cap{float:left;text-align:center;line-height:1;font-size:50px}.elementor-widget-text-editor .elementor-drop-cap-letter{display:inline-block}<\/style>\t\t\t\t<div class=\"content\" tabindex=\"0\" aria-description=\"\" aria-label=\"Envoy\u00e9 par Copilot\u00a0: Bienvenue sur &quot;Fourche &amp; Fourmi&quot;, le carrefour o\u00f9 la r\u00e9silience rencontre l'autonomie. Je suis le fondateur de ce sanctuaire en ligne, un espace d\u00e9di\u00e9 \u00e0 l'art du survivalisme, \u00e0 l'autoproduction et \u00e0 l'\u00e9panouissement personnel. Il y a pr\u00e8s de 15 ans, j'ai entam\u00e9 un voyage qui a transform\u00e9 ma vision du monde. Aujourd'hui, je vis cette philosophie au quotidien dans ma maison nich\u00e9e au c\u0153ur des montagnes. Chaque jour est une aventure : je chasse, je p\u00eache, et mon potager ainsi que mon petit \u00e9levage nourrissent ma famille. \u00c0 travers &quot;Fourche &amp; Fourmi&quot;, je partage non seulement mon savoir et mes comp\u00e9tences, mais aussi une vision du monde o\u00f9 chaque individu peut devenir la version la plus robuste et autonome de lui-m\u00eame. Ici, tu trouveras des conseils pratiques, des astuces de vie et des r\u00e9cits inspirants pour t'aider \u00e0 te pr\u00e9parer aux crises, \u00e0 devenir plus ind\u00e9pendant et \u00e0 vivre une vie pleine de sens. Je crois fermement que si j'ai pu le faire, toi aussi tu peux devenir increvable. Rejoins-moi dans cette qu\u00eate d'autosuffisance et d'aventure. Ensemble, explorons les grands principes du survivalisme et appliquons-les pas \u00e0 pas dans notre quotidien. D\u00e9couvre comment &quot;Fourche &amp; Fourmi&quot; peut t'aider \u00e0 te construire un avenir sain et r\u00e9silient. Parce que survivre, c'est bien plus que rester en vie \u2013 c'est prosp\u00e9rer. Deviens la version increvable de toi-m\u00eame.\"><div class=\"ac-container ac-adaptiveCard\"><div class=\"ac-textBlock\"><p>Bienvenue sur \u201cFourche &amp; Fourmi\u201d, le carrefour o\u00f9 la r\u00e9silience rencontre l\u2019autonomie. Je suis le fondateur de ce sanctuaire en ligne, un espace d\u00e9di\u00e9 \u00e0 l\u2019art du survivalisme, \u00e0 l\u2019autoproduction et \u00e0 l\u2019\u00e9panouissement personnel.<\/p><p>Il y a pr\u00e8s de 15 ans, j\u2019ai entam\u00e9 un voyage qui a transform\u00e9 ma vision du monde. Aujourd\u2019hui, je vis cette philosophie au quotidien dans ma maison nich\u00e9e au c\u0153ur des montagnes. Chaque jour est une aventure : je chasse, je p\u00eache, et mon potager ainsi que mon petit \u00e9levage nourrissent ma famille.<\/p><p>\u00c0 travers \u201cFourche &amp; Fourmi\u201d, je partage non seulement mon savoir et mes comp\u00e9tences, mais aussi une vision du monde o\u00f9 chaque individu peut devenir la version la plus robuste et autonome de lui-m\u00eame. Ici, tu trouveras des conseils pratiques, des astuces de vie et des r\u00e9cits inspirants pour t\u2019aider \u00e0 te pr\u00e9parer aux crises, \u00e0 devenir plus ind\u00e9pendant et \u00e0 vivre une vie pleine de sens.<\/p><p>Je crois fermement que si j\u2019ai pu le faire, toi aussi tu peux devenir increvable. Rejoins-moi dans cette qu\u00eate d\u2019autosuffisance et d\u2019aventure. Ensemble, explorons les grands principes du survivalisme et appliquons-les pas \u00e0 pas dans notre quotidien.<\/p><p>D\u00e9couvre comment \u201cFourche &amp; Fourmi\u201d peut t\u2019aider \u00e0 te construire un avenir sain et r\u00e9silient.<\/p><p>Parce que survivre, c\u2019est bien plus que rester en vie \u2013 c\u2019est prosp\u00e9rer.<\/p><p><strong>Deviens la version increvable de toi-m\u00eame.<\/strong><\/p><\/div><\/div><\/div>\t\t\t\t\t\t<\/div>\n\t\t\t\t<\/div>\n\t\t\t\t<\/div>\n\t\t\t\t\t<\/div>\n\t\t\t\t<\/div>\n\t\t\t\t<\/div>\n\t\t","protected":false},"excerpt":{"rendered":"<p>A propos de la fourmili\u00e8re &#8230; Bienvenue sur \u201cFourche &amp; Fourmi\u201d, le carrefour o\u00f9 la r\u00e9silience rencontre l\u2019autonomie. Je suis le fondateur de ce sanctuaire en ligne, un espace d\u00e9di\u00e9 \u00e0 l\u2019art du survivalisme, \u00e0 l\u2019autoproduction et \u00e0 l\u2019\u00e9panouissement personnel. Il y a pr\u00e8s de 15 ans, j\u2019ai entam\u00e9 un voyage qui a transform\u00e9 ma [&hellip;]<\/p>\n","protected":false},"author":1,"featured_media":0,"parent":0,"menu_order":0,"comment_status":"closed","ping_status":"closed","template":"","meta":{"om_disable_all_campaigns":false,"_monsterinsights_skip_tracking":false,"_monsterinsights_sitenote_active":false,"_monsterinsights_sitenote_note":"","_monsterinsights_sitenote_category":0,"footnotes":""},"aioseo_notices":[],"_links":{"self":[{"href":"https:\/\/fourche-et-fourmi.fr\/index.php\/wp-json\/wp\/v2\/pages\/21"}],"collection":[{"href":"https:\/\/fourche-et-fourmi.fr\/index.php\/wp-json\/wp\/v2\/pages"}],"about":[{"href":"https:\/\/fourche-et-fourmi.fr\/index.php\/wp-json\/wp\/v2\/types\/page"}],"author":[{"embeddable":true,"href":"https:\/\/fourche-et-fourmi.fr\/index.php\/wp-json\/wp\/v2\/users\/1"}],"replies":[{"embeddable":true,"href":"https:\/\/fourche-et-fourmi.fr\/index.php\/wp-json\/wp\/v2\/comments?post=21"}],"version-history":[{"count":10,"href":"https:\/\/fourche-et-fourmi.fr\/index.php\/wp-json\/wp\/v2\/pages\/21\/revisions"}],"predecessor-version":[{"id":236,"href":"https:\/\/fourche-et-fourmi.fr\/index.php\/wp-json\/wp\/v2\/pages\/21\/revisions\/236"}],"wp:attachment":[{"href":"https:\/\/fourche-et-fourmi.fr\/index.php\/wp-json\/wp\/v2\/media?parent=21"}],"curies":[{"name":"wp","href":"https:\/\/api.w.org\/{rel}","templated":true}]}}